{"id":406,"date":"2024-05-22T06:18:14","date_gmt":"2024-05-22T06:18:14","guid":{"rendered":"https:\/\/ff-grossreipersdorf.at\/?page_id=406"},"modified":"2025-03-21T09:20:55","modified_gmt":"2025-03-21T09:20:55","slug":"feuerwehrjugend","status":"publish","type":"page","link":"https:\/\/ff-grossreipersdorf.at\/?page_id=406","title":{"rendered":"Feuerwehrjugend"},"content":{"rendered":"<h1><strong>Ein starkes St\u00fcck Freizeit<\/strong><\/h1>\n<p>Zur Feuerwehrjugend werden M\u00e4dchen und Burschen im Alter zwischen 10 und 15 Jahren aufgenommen. Die Kids werden mit Spiel und Spa\u00df auf das aktive Feuerwehrwesen vorbereitet. Meist findet jede Woche ein Treffen der Gruppe statt.<\/p>\n<p>Dann hei\u00dft es zum Beispiel:<\/p>\n<ul>\n<li style=\"list-style-type: none;\">\n<ul>\n<li>Fun mit gleichaltrigen Kids<\/li>\n<li>gemeinn\u00fctziges Helfen erlernen und erfahren<\/li>\n<li>Arbeiten mit hochwertigen technischen Ger\u00e4ten<\/li>\n<li>Kameradschaft<\/li>\n<li>Ausfahrten und Ausfl\u00fcge<\/li>\n<li>Feuerl\u00f6sch\u00fcbung<\/li>\n<li>uvm.<\/li>\n<\/ul>\n<\/li>\n<\/ul>\n<p>Nat\u00fcrlich dreht sich nicht immer alles um das Feuerwehrwesen:<\/p>\n<ul>\n<li style=\"list-style-type: none;\">\n<ul>\n<li>Ausfl\u00fcge<\/li>\n<li>Wanderungen<\/li>\n<li>Spielnachmittage<\/li>\n<li>Jugendlager<\/li>\n<li>Kochnachmittage<\/li>\n<li>uvm.<\/li>\n<\/ul>\n<\/li>\n<\/ul>\n<p>Die Feuerwehrjugend bietet aber noch viel mehr. Es gibt gemeinsame Bewerbe wo verschiedene Jugendgruppen antreten um ihr K\u00f6nnen zu messen. Das gibt den Kids einen besonderen Ansporn. Wer kann am besten Zielspritzen? Wie schnell durchquert die Gruppe einen Hindernisparcour? Wie funkt man richtig? Wer macht die festesten Knoten? Wie versorgt man eine verletzte Person? Was bedeuten die verschiedenen Sirenensignale? uvm.<\/p>\n<p>Unsere Jugendstunden finden jeden Samstag in der Zeit von 15:00 -16:30 Uhr im Feuerwehrhaus Gro\u00df-Reipersdorf statt. Wir freuen uns \u00fcber jeden Besuch!<\/p>\n<p>Bei n\u00e4heren Informationen meldet euch bei Eva Hofbauer (0664\/2032213) oder per E-Mail an <a href=\"mailto:jugend@ff-grossreipersdorf.at\">jugend@ff-grossreipersdorf.at<\/a><\/p>\n<p>&nbsp;<\/p>\n<p><a href=\"https:\/\/ff-grossreipersdorf.at\/?page_id=959\">Link zur Lernseite der Feuerwehrjugend<\/a><\/p>\n","protected":false},"excerpt":{"rendered":"<p>Ein starkes St\u00fcck Freizeit Zur Feuerwehrjugend werden M\u00e4dchen und Burschen im Alter zwischen 10 und 15 Jahren aufgenommen. Die Kids werden mit Spiel und Spa\u00df auf das aktive Feuerwehrwesen vorbereitet. Meist findet jede Woche ein Treffen der Gruppe statt. Dann hei\u00dft es zum Beispiel: Fun mit gleichaltrigen Kids gemeinn\u00fctziges Helfen erlernen und erfahren Arbeiten mit &hellip; <\/p>\n<p class=\"link-more\"><a href=\"https:\/\/ff-grossreipersdorf.at\/?page_id=406\" class=\"more-link\"><span class=\"screen-reader-text\">\u201eFeuerwehrjugend\u201c <\/span>weiterlesen<\/a><\/p>\n","protected":false},"author":1,"featured_media":409,"parent":0,"menu_order":0,"comment_status":"closed","ping_status":"closed","template":"","meta":{"footnotes":""},"class_list":["post-406","page","type-page","status-publish","has-post-thumbnail","hentry"],"_links":{"self":[{"href":"https:\/\/ff-grossreipersdorf.at\/index.php?rest_route=\/wp\/v2\/pages\/406","targetHints":{"allow":["GET"]}}],"collection":[{"href":"https:\/\/ff-grossreipersdorf.at\/index.php?rest_route=\/wp\/v2\/pages"}],"about":[{"href":"https:\/\/ff-grossreipersdorf.at\/index.php?rest_route=\/wp\/v2\/types\/page"}],"author":[{"embeddable":true,"href":"https:\/\/ff-grossreipersdorf.at\/index.php?rest_route=\/wp\/v2\/users\/1"}],"replies":[{"embeddable":true,"href":"https:\/\/ff-grossreipersdorf.at\/index.php?rest_route=%2Fwp%2Fv2%2Fcomments&post=406"}],"version-history":[{"count":2,"href":"https:\/\/ff-grossreipersdorf.at\/index.php?rest_route=\/wp\/v2\/pages\/406\/revisions"}],"predecessor-version":[{"id":964,"href":"https:\/\/ff-grossreipersdorf.at\/index.php?rest_route=\/wp\/v2\/pages\/406\/revisions\/964"}],"wp:featuredmedia":[{"embeddable":true,"href":"https:\/\/ff-grossreipersdorf.at\/index.php?rest_route=\/wp\/v2\/media\/409"}],"wp:attachment":[{"href":"https:\/\/ff-grossreipersdorf.at\/index.php?rest_route=%2Fwp%2Fv2%2Fmedia&parent=406"}],"curies":[{"name":"wp","href":"https:\/\/api.w.org\/{rel}","templated":true}]}}